{"id":162,"date":"2015-03-01T15:42:14","date_gmt":"2015-03-01T15:42:14","guid":{"rendered":"http:\/\/xn--bchsler-n2a.de\/?page_id=162"},"modified":"2018-09-17T20:13:37","modified_gmt":"2018-09-17T20:13:37","slug":"tierkommunikation","status":"publish","type":"page","link":"https:\/\/xn--bchsler-n2a.de\/?page_id=162","title":{"rendered":"Tierkommunikation"},"content":{"rendered":"<h2>Tierkommunikation<\/h2>\n<p>Das ist die F\u00e4higkeit telepathisch mit Tieren in Kontakt zu treten, ihnen bestimmte Fragen zu stellen, sich in sie hinein zu f\u00fchlen um z. B. schmerzhafte K\u00f6rperregionen zu lokalisieren. Dabei werden Bilder, Gef\u00fchle und Eindr\u00fccke ausgetauscht.<\/p>\n<p>Diese Art der Kommunikation ist jedem gegeben. Leider verschwindet sie im Lauf des Erwachsenwerdens. Besonders Kinder sind aber dazu in der Lage. Hat Ihnen schon mal ein Kind von seinem (imagin\u00e4ren) Freund erz\u00e4hlt?<\/p>\n<p>Oder kennen Sie vielleicht folgende Situation: Sie denken an jemanden, mit dem Sie vielleicht eine enge Beziehung haben und pl\u00f6tzlich klingelt das Telefon? Oder Sie wissen genau, was der Andere gerade denkt? Auch das ist ein Austausch von Informationen mittels Telepathie.<\/p>\n<h6>Wann macht Tierkommunikation einen Sinn?<\/h6>\n<p>Wenn Sie bestimmte Sachen schon immer wissen wollten oder sich fragen, warum sich Ihr Tier in bestimmten Situationen evtl. unerwartet verh\u00e4lt. Vielleicht m\u00f6chten Sie auch einfach wissen, wie es Ihrem Tier geht. Wenn Sie wissen m\u00f6chten, welche Bed\u00fcrfnisse es hat oder ob es irgendwo Schmerzen o. \u00e4. versp\u00fcrt. Bitte bedenken Sie jedoch, dass eine Tierkommunikation <strong>nicht <\/strong>die Anamnese und Diagnosestellung durch einen Tierarzt oder Tierheilpraktiker ersetzt.<\/p>\n<p>Auch mit toten Tieren kann in Kontakt getreten werden. Manchmal m\u00f6chte der\/die Tierhalter\/in noch etwas in Erfahrung bringen oder das verstorbene Tier m\u00f6chte ihm\/ihr noch etwas auf den Weg geben.<\/p>\n<h6>Was ist bei der Tierkommunikation zu beachten?<\/h6>\n<p>Es gibt Tiere, die einer Kommunikation mehr oder weniger aufgeschlossen sind. Manche geben gerne Informationen preis, andere m\u00f6chten nicht &#8222;reden&#8220;. Dies ist sowohl von mir als Tierkommunikateurin als auch vom Besitzer zu respektieren. Andernfalls kann es zum unwiderbringlichen Vertrauensverlust f\u00fchren.<\/p>\n<p>Bei der Kommunikation mit toten Tieren ist darauf hinzuweisen, dass man nicht st\u00e4ndig mit ihnen in Kontakt tritt, um der Tierseele ihren Frieden zu lassen.<\/p>\n<h6>Grenzen der Tierkommunikation<\/h6>\n<p>Die Tierkommunikation wird niemals eine Therapie ersetzen. Sie kann helfen, Probleme zu lokalisieren oder zu benennen, sofern das Tier es zul\u00e4sst. Sie wird auch nie die Diagnosestellung eines Tierarztes oder Tierheilpraktikers ersetzen, sondern fungiert als Hilfsmittel zur Aufdeckung disharmonischer Zust\u00e4nde sowohl im k\u00f6rperlichen als auch seelischen Bereich.<\/p>\n<p><a href=\"https:\/\/xn--bchsler-n2a.de\/wp-content\/uploads\/2015\/03\/IMG_0807.jpg\"><img fetchpriority=\"high\" decoding=\"async\" class=\"alignnone wp-image-234\" src=\"https:\/\/xn--bchsler-n2a.de\/wp-content\/uploads\/2015\/03\/IMG_0807-640x427.jpg\" alt=\"Meggie &amp; Jessy\" width=\"338\" height=\"225\" srcset=\"https:\/\/xn--bchsler-n2a.de\/wp-content\/uploads\/2015\/03\/IMG_0807-640x427.jpg 640w, https:\/\/xn--bchsler-n2a.de\/wp-content\/uploads\/2015\/03\/IMG_0807-1024x683.jpg 1024w, https:\/\/xn--bchsler-n2a.de\/wp-content\/uploads\/2015\/03\/IMG_0807-840x560.jpg 840w, https:\/\/xn--bchsler-n2a.de\/wp-content\/uploads\/2015\/03\/IMG_0807-1200x800.jpg 1200w\" sizes=\"(max-width: 338px) 100vw, 338px\" \/><\/a><\/p>\n<p>Habe ich Ihr Interesse geweckt? Dann <a style=\"color: #0000ff;\" title=\"Kontakt\" href=\"http:\/\/xn--bchsler-n2a.de\/?page_id=36\"><span style=\"color: #0000ff;\">kontaktieren <\/span><\/a>Sie mich einfach &#8230;<\/p>\n","protected":false},"excerpt":{"rendered":"<p>Tierkommunikation Das ist die F\u00e4higkeit telepathisch mit Tieren in Kontakt zu treten, ihnen bestimmte Fragen zu stellen, sich in sie hinein zu f\u00fchlen um z. B. schmerzhafte K\u00f6rperregionen zu lokalisieren. Dabei werden Bilder, Gef\u00fchle und Eindr\u00fccke ausgetauscht. Diese Art der &hellip; <a href=\"https:\/\/xn--bchsler-n2a.de\/?page_id=162\">Weiterlesen<\/a><\/p>\n","protected":false},"author":1,"featured_media":0,"parent":34,"menu_order":0,"comment_status":"closed","ping_status":"closed","template":"page-templates\/full-width.php","meta":{"_crdt_document":"","footnotes":""},"class_list":["post-162","page","type-page","status-publish","hentry"],"_links":{"self":[{"href":"https:\/\/xn--bchsler-n2a.de\/index.php?rest_route=\/wp\/v2\/pages\/162","targetHints":{"allow":["GET"]}}],"collection":[{"href":"https:\/\/xn--bchsler-n2a.de\/index.php?rest_route=\/wp\/v2\/pages"}],"about":[{"href":"https:\/\/xn--bchsler-n2a.de\/index.php?rest_route=\/wp\/v2\/types\/page"}],"author":[{"embeddable":true,"href":"https:\/\/xn--bchsler-n2a.de\/index.php?rest_route=\/wp\/v2\/users\/1"}],"replies":[{"embeddable":true,"href":"https:\/\/xn--bchsler-n2a.de\/index.php?rest_route=%2Fwp%2Fv2%2Fcomments&post=162"}],"version-history":[{"count":9,"href":"https:\/\/xn--bchsler-n2a.de\/index.php?rest_route=\/wp\/v2\/pages\/162\/revisions"}],"predecessor-version":[{"id":559,"href":"https:\/\/xn--bchsler-n2a.de\/index.php?rest_route=\/wp\/v2\/pages\/162\/revisions\/559"}],"up":[{"embeddable":true,"href":"https:\/\/xn--bchsler-n2a.de\/index.php?rest_route=\/wp\/v2\/pages\/34"}],"wp:attachment":[{"href":"https:\/\/xn--bchsler-n2a.de\/index.php?rest_route=%2Fwp%2Fv2%2Fmedia&parent=162"}],"curies":[{"name":"wp","href":"https:\/\/api.w.org\/{rel}","templated":true}]}}