{"id":175,"date":"2015-03-01T15:50:49","date_gmt":"2015-03-01T15:50:49","guid":{"rendered":"http:\/\/xn--bchsler-n2a.de\/?page_id=175"},"modified":"2019-02-26T10:35:04","modified_gmt":"2019-02-26T10:35:04","slug":"impressum2","status":"publish","type":"page","link":"https:\/\/xn--bchsler-n2a.de\/?page_id=175","title":{"rendered":"Impressum"},"content":{"rendered":"<p>Angaben gem\u00e4\u00df \u00a7 5 TMG:<\/p>\n<p>Ulrike B\u00fcchsler<br \/>\nTierheilpraktikerin (VDT gepr\u00fcft)<br \/>\nAdresse auf Anfrage (per eMail\/Kontaktformular)<\/p>\n<p><a href=\"https:\/\/xn--bchsler-n2a.de\/wp-content\/uploads\/2014\/10\/vdt_logo_farbig.jpg\"><img decoding=\"async\" class=\"wp-image-146\" src=\"https:\/\/xn--bchsler-n2a.de\/wp-content\/uploads\/2014\/10\/vdt_logo_farbig.jpg\" alt=\"vdt_logo_farbig\" width=\"120\" height=\"123\" \/><\/a><br \/>\nBerufshaftpflicht: bei der InterAG<\/p>\n<p>Kontakt: E-Mail:\u00a0<a href=\"mailto:ulrike@xn--bchsler-n2a.de\">ulrike [at] b\u00fcchsler . de<\/a> oder \u00fcber das <a title=\"Kontakt\" href=\"http:\/\/xn--bchsler-n2a.de\/?page_id=36\">Kontaktformular<\/a><\/p>\n<p>In tier\u00e4rztlichen Notf\u00e4llen kontaktieren Sie bitte umgehend einen Tierarzt!<\/p>\n<p>Hinweis: ich weise hiermit darauf hin, dass die von mir angewandten Methoden und Verfahren nicht naturwissenschaftlich bewiesen und von der Schulmedizin nicht anerkannt sind.<\/p>\n<p>Umsetzung der Seite mit dem WordPress Theme Quality (von Webriti)<\/p>\n<h5>Haftungsausschluss (Disclaimer)<\/h5>\n<h6>Haftung f\u00fcr Inhalte<\/h6>\n<p>Als Diensteanbieter sind wir gem\u00e4\u00df \u00a7 7 Abs.1 TMG f\u00fcr eigene Inhalte auf diesen Seiten nach den allgemeinen Gesetzen verantwortlich. Nach \u00a7\u00a7 8 bis 10 TMG sind wir als Diensteanbieter jedoch nicht verpflichtet, \u00fcbermittelte oder gespeicherte fremde Informationen zu \u00fcberwachen oder nach Umst\u00e4nden zu forschen, die auf eine rechtswidrige T\u00e4tigkeit hinweisen. Verpflichtungen zur Entfernung oder Sperrung der Nutzung von Informationen nach den allgemeinen Gesetzen bleiben hiervon unber\u00fchrt. Eine diesbez\u00fcgliche Haftung ist jedoch erst ab dem Zeitpunkt der Kenntnis einer konkreten Rechtsverletzung m\u00f6glich. Bei Bekanntwerden von entsprechenden Rechtsverletzungen werden wir diese Inhalte umgehend entfernen.<\/p>\n<h6>Haftung f\u00fcr Links<\/h6>\n<p>Unser Angebot enth\u00e4lt Links zu externen Webseiten Dritter, auf deren Inhalte wir keinen Einfluss haben. Deshalb k\u00f6nnen wir f\u00fcr diese fremden Inhalte auch keine Gew\u00e4hr \u00fcbernehmen. F\u00fcr die Inhalte der verlinkten Seiten ist stets der jeweilige Anbieter oder Betreiber der Seiten verantwortlich. Die verlinkten Seiten wurden zum Zeitpunkt der Verlinkung auf m\u00f6gliche Rechtsverst\u00f6\u00dfe \u00fcberpr\u00fcft. Rechtswidrige Inhalte waren zum Zeitpunkt der Verlinkung nicht erkennbar. Eine permanente inhaltliche Kontrolle der verlinkten Seiten ist jedoch ohne konkrete Anhaltspunkte einer Rechtsverletzung nicht zumutbar. Bei Bekanntwerden von Rechtsverletzungen werden wir derartige Links umgehend entfernen.<\/p>\n<h6>Urheberrecht<\/h6>\n<p>Die durch die Seitenbetreiber erstellten Inhalte und Werke auf diesen Seiten unterliegen dem deutschen Urheberrecht. Die Vervielf\u00e4ltigung, Bearbeitung, Verbreitung und jede Art der Verwertung au\u00dferhalb der Grenzen des Urheberrechtes bed\u00fcrfen der schriftlichen Zustimmung des jeweiligen Autors bzw. Erstellers. Downloads und Kopien dieser Seite sind nur f\u00fcr den privaten, nicht kommerziellen Gebrauch gestattet. Soweit die Inhalte auf dieser Seite nicht vom Betreiber erstellt wurden, werden die Urheberrechte Dritter beachtet. Insbesondere werden Inhalte Dritter als solche gekennzeichnet. Sollten Sie trotzdem auf eine Urheberrechtsverletzung aufmerksam werden, bitten wir um einen entsprechenden Hinweis. Bei Bekanntwerden von Rechtsverletzungen werden wir derartige Inhalte umgehend entfernen.<\/p>\n<p>Quelle: <a href=\"http:\/\/www.e-recht24.de\/impressum-generator.html\">http:\/\/www.e-recht24.de<\/a><\/p>\n<h2>Datenschutzerkl\u00e4rung<\/h2>\n<p>Personenbezogene Daten werden auf dieser Seite nur im Rahmen der Erforderlichkeit sowie zum Zwecke der Bereitstellung eines funktionsf\u00e4higen Internetauftritts, inklusive seiner Inhalte und der dort angebotenen Leistungen, verarbeitet.<\/p>\n<p>Gem\u00e4\u00df Art. 4 Ziffer 1. der Verordnung (EU) 2016\/679, also der Datenschutz-Grundverordnung (nachfolgend nur \u201eDSGVO\u201c genannt), gilt als \u201eVerarbeitung\u201c jeder mit oder ohne Hilfe automatisierter Verfahren ausgef\u00fchrter Vorgang im Zusammenhang mit personenbezogenen Daten, wie das Erheben, das Erfassen, die Organisation, das Ordnen, die Speicherung, die Anpassung oder Ver\u00e4nderung, das Auslesen, das Abfragen, die Verwendung, die Offenlegung durch \u00dcbermittlung, Verbreitung oder eine andere Form der Bereitstellung, den Abgleich oder die Verkn\u00fcpfung, die Einschr\u00e4nkung, das L\u00f6schen oder die Vernichtung.<\/p>\n<p>Mit der nachfolgenden Datenschutzerkl\u00e4rung informieren wir Sie insbesondere \u00fcber Art, Umfang, Zweck, Dauer und Rechtsgrundlage der Verarbeitung personenbezogener Daten, soweit wir entweder allein oder gemeinsam mit anderen \u00fcber die Zwecke und Mittel der Verarbeitung entscheiden. Zudem informieren wir Sie nachfolgend \u00fcber die von uns zu Optimierungszwecken sowie zur Steigerung der Nutzungsqualit\u00e4t eingesetzten Fremdkomponenten, soweit hierdurch Dritte Daten in wiederum eigener Verantwortung verarbeiten.<\/p>\n","protected":false},"excerpt":{"rendered":"<p>Angaben gem\u00e4\u00df \u00a7 5 TMG: Ulrike B\u00fcchsler Tierheilpraktikerin (VDT gepr\u00fcft) Adresse auf Anfrage (per eMail\/Kontaktformular) Berufshaftpflicht: bei der InterAG Kontakt: E-Mail:\u00a0ulrike [at] b\u00fcchsler . de oder \u00fcber das Kontaktformular In tier\u00e4rztlichen Notf\u00e4llen kontaktieren Sie bitte umgehend einen Tierarzt! Hinweis: ich &hellip; <a href=\"https:\/\/xn--bchsler-n2a.de\/?page_id=175\">Weiterlesen<\/a><\/p>\n","protected":false},"author":1,"featured_media":0,"parent":0,"menu_order":0,"comment_status":"closed","ping_status":"closed","template":"","meta":{"_crdt_document":"","footnotes":""},"class_list":["post-175","page","type-page","status-publish","hentry"],"_links":{"self":[{"href":"https:\/\/xn--bchsler-n2a.de\/index.php?rest_route=\/wp\/v2\/pages\/175","targetHints":{"allow":["GET"]}}],"collection":[{"href":"https:\/\/xn--bchsler-n2a.de\/index.php?rest_route=\/wp\/v2\/pages"}],"about":[{"href":"https:\/\/xn--bchsler-n2a.de\/index.php?rest_route=\/wp\/v2\/types\/page"}],"author":[{"embeddable":true,"href":"https:\/\/xn--bchsler-n2a.de\/index.php?rest_route=\/wp\/v2\/users\/1"}],"replies":[{"embeddable":true,"href":"https:\/\/xn--bchsler-n2a.de\/index.php?rest_route=%2Fwp%2Fv2%2Fcomments&post=175"}],"version-history":[{"count":25,"href":"https:\/\/xn--bchsler-n2a.de\/index.php?rest_route=\/wp\/v2\/pages\/175\/revisions"}],"predecessor-version":[{"id":574,"href":"https:\/\/xn--bchsler-n2a.de\/index.php?rest_route=\/wp\/v2\/pages\/175\/revisions\/574"}],"wp:attachment":[{"href":"https:\/\/xn--bchsler-n2a.de\/index.php?rest_route=%2Fwp%2Fv2%2Fmedia&parent=175"}],"curies":[{"name":"wp","href":"https:\/\/api.w.org\/{rel}","templated":true}]}}