{"id":180,"date":"2015-03-01T15:53:00","date_gmt":"2015-03-01T15:53:00","guid":{"rendered":"http:\/\/xn--bchsler-n2a.de\/?page_id=180"},"modified":"2023-05-30T07:38:43","modified_gmt":"2023-05-30T07:38:43","slug":"ueber-mich-2","status":"publish","type":"page","link":"https:\/\/xn--bchsler-n2a.de\/?page_id=180","title":{"rendered":"\u00dcber mich"},"content":{"rendered":"\n<p class=\"wp-block-paragraph\">Mein Name ist Ulrike B\u00fcchsler. Ich bin seit November 2014 gepr\u00fcfte Tierheilpraktikerin (VDT) und seit Dezember 2017 gepr\u00fcfte Tierphysiotherapeutin und Tierakupunkteurin.<\/p>\n\n\n\n<p class=\"wp-block-paragraph\">Warum bin ich Tierheilpraktikerin und Tierphysiotherapeutin, Tierakupunkteurin geworden?<\/p>\n\n\n\n<div class=\"wp-block-media-text is-stacked-on-mobile\"><figure class=\"wp-block-media-text__media\"><img fetchpriority=\"high\" decoding=\"async\" width=\"768\" height=\"1024\" src=\"https:\/\/xn--bchsler-n2a.de\/wp-content\/uploads\/2017\/10\/img_2576-768x1024.jpg\" alt=\"\" class=\"wp-image-389 size-full\" srcset=\"https:\/\/xn--bchsler-n2a.de\/wp-content\/uploads\/2017\/10\/img_2576-768x1024.jpg 768w, https:\/\/xn--bchsler-n2a.de\/wp-content\/uploads\/2017\/10\/img_2576-480x640.jpg 480w\" sizes=\"(max-width: 768px) 100vw, 768px\" \/><\/figure><div class=\"wp-block-media-text__content\">\n<p class=\"wp-block-paragraph\">Ich hatte schon in meiner Kindheit den Wunsch, mit Tieren zu arbeiten. Als Haustiere hatten wir Wellensittiche und Meerschweinchen. Von Familie und Freunden nahmen wir hin und wieder auch Tiere, wie Kaninchen oder Katzen, in Pflege.<\/p>\n\n\n\n<p class=\"wp-block-paragraph\">Mein Bezug zu Tieren verst\u00e4rkte sich, als meine Schwester eigene Pferde im Rahmen einer kleinen Reitschule hatte. Die Arbeit mit Pferden ist immer wieder ein Erlebnis.<\/p>\n\n\n\n<p class=\"wp-block-paragraph\">Meinen beruflichen Werdegang begann ich im Jahr 2006 mit meiner Ausbildung zur veterin\u00e4rmedizinisch-technischen Assistentin (VMTA), die ich 2009 erfolgreich mit einer staatlich anerkannten Pr\u00fcfung abschloss. Da ich pers\u00f6nlich sehr gute Erfahrungen mit meiner Heilpraktikerin gesammelt habe, wuchs mein Interesse an alternativen Heilverfahren.<\/p>\n<\/div><\/div>\n\n\n\n<p class=\"wp-block-paragraph\">Also beschloss ich, Tierheilpraktikerin zu werden. Die Ausbildung absolvierte ich neben meinem Beruf als VMTA von 2012 bis 2014. Seit November 2014 kann ich mich nun auch als \u201egepr\u00fcfte Tierheilpraktikerin\u201c bezeichnen. Da mich das Themenfeld Akupunktur und traditionelle chinesische Medizin (TCM) sehr faszinieren, habe ich eine Zusatzausbildung im Bereich Tierkupunktur zusammen mit Tierphysiotherapie von 2015 bis 2017 absolviert.<\/p>\n\n\n\n<ul class=\"wp-block-list\">\n<li>Tierheilpraktiker (Paracelcus Schule, VDT gepr\u00fcft, 2014)<\/li>\n\n\n\n<li>Seminar Blutegeltherapie (Beate J\u00fcngling, Sommer 2016)<\/li>\n\n\n\n<li>Seminar Dorn-Breuss-Therapie Pferd (Beate J\u00fcngling, April 2017)<\/li>\n\n\n\n<li>Tierakupunktur und Tierphysiotherapie (ifT, mit Abschlusspr\u00fcfung, Dezember 2017)<\/li>\n<\/ul>\n","protected":false},"excerpt":{"rendered":"<p>Mein Name ist Ulrike B\u00fcchsler. Ich bin seit November 2014 gepr\u00fcfte Tierheilpraktikerin (VDT) und seit Dezember 2017 gepr\u00fcfte Tierphysiotherapeutin und Tierakupunkteurin. Warum bin ich Tierheilpraktikerin und Tierphysiotherapeutin, Tierakupunkteurin geworden? Ich hatte schon in meiner Kindheit den Wunsch, mit Tieren zu &hellip; <a href=\"https:\/\/xn--bchsler-n2a.de\/?page_id=180\">Weiterlesen<\/a><\/p>\n","protected":false},"author":1,"featured_media":0,"parent":0,"menu_order":0,"comment_status":"closed","ping_status":"closed","template":"page-templates\/full-width.php","meta":{"_crdt_document":"","footnotes":""},"class_list":["post-180","page","type-page","status-publish","hentry"],"_links":{"self":[{"href":"https:\/\/xn--bchsler-n2a.de\/index.php?rest_route=\/wp\/v2\/pages\/180","targetHints":{"allow":["GET"]}}],"collection":[{"href":"https:\/\/xn--bchsler-n2a.de\/index.php?rest_route=\/wp\/v2\/pages"}],"about":[{"href":"https:\/\/xn--bchsler-n2a.de\/index.php?rest_route=\/wp\/v2\/types\/page"}],"author":[{"embeddable":true,"href":"https:\/\/xn--bchsler-n2a.de\/index.php?rest_route=\/wp\/v2\/users\/1"}],"replies":[{"embeddable":true,"href":"https:\/\/xn--bchsler-n2a.de\/index.php?rest_route=%2Fwp%2Fv2%2Fcomments&post=180"}],"version-history":[{"count":27,"href":"https:\/\/xn--bchsler-n2a.de\/index.php?rest_route=\/wp\/v2\/pages\/180\/revisions"}],"predecessor-version":[{"id":664,"href":"https:\/\/xn--bchsler-n2a.de\/index.php?rest_route=\/wp\/v2\/pages\/180\/revisions\/664"}],"wp:attachment":[{"href":"https:\/\/xn--bchsler-n2a.de\/index.php?rest_route=%2Fwp%2Fv2%2Fmedia&parent=180"}],"curies":[{"name":"wp","href":"https:\/\/api.w.org\/{rel}","templated":true}]}}