{"id":34,"date":"2014-11-03T12:50:28","date_gmt":"2014-11-03T12:50:28","guid":{"rendered":"http:\/\/xn--bchsler-n2a.de\/?page_id=34"},"modified":"2019-11-10T11:26:35","modified_gmt":"2019-11-10T11:26:35","slug":"leistungen","status":"publish","type":"page","link":"https:\/\/xn--bchsler-n2a.de\/?page_id=34","title":{"rendered":"Leistungen"},"content":{"rendered":"<h1>Meine T\u00e4tigkeitsschwerpunkte<\/h1>\n<p><a href=\"https:\/\/b\u00fcchsler.de\/?page_id=168\">Tierphysiotherapie<\/a><span style=\"color: #3366ff;\"> | <\/span><a href=\"https:\/\/b\u00fcchsler.de\/?page_id=166\">Tierakupunktur<\/a> <span style=\"color: #3366ff;\">| <\/span><a title=\"Tierkommunikation\" href=\"http:\/\/xn--bchsler-n2a.de\/?page_id=162\">Tierkommunikation <\/a><span style=\"color: #3366ff;\">|<\/span><a title=\"Bachbl\u00fcten\" href=\"http:\/\/xn--bchsler-n2a.de\/?page_id=164\">Bachbl\u00fcten-Therapie<\/a> <span style=\"color: #3366ff;\">| <\/span><a href=\"https:\/\/b\u00fcchsler.de\/?page_id=304\">Blutegeltherapie<\/a> | <a href=\"https:\/\/xn--bchsler-n2a.de\/?page_id=598\">BEMER\u00ae Therapie<\/a><\/p>\n<h1>Meine Leistungen<\/h1>\n<p>Ich erbringe meine Leistungen mobil, d.h. ich besitze keine Praxisr\u00e4ume, sondern komme direkt zu Ihnen und Ihrem Tier.<\/p>\n<p>Ihr Tier hat ein akutes Problem? Schicken Sie mir eine eMail. Ich setzte mich dann mit Ihnen in Verbindung, um einen Termin abzustimmen. Zur Anamnese komme ich bei Ihnen vorbei, vor Ort erfolgt dann ggf. schon eine erste Therapieeinheit und die Erstellung eines Behandlungsplanes.<\/p>\n<p>Bitte haben Sie Verst\u00e4ndnis, dass ich ggf. einige Informationen in Ruhe noch einmal nachlesen oder recherchieren muss, um den Therapieplan bestm\u00f6glich an Ihr Tier und seine individuellen Bed\u00fcrfnisse anzupassen.<\/p>\n<p>Wollen Sie ggf. nur, dass ich mit Ihrem Tier kommuniziere? Schicken Sie mir eine eMail mit den Fragen, die Sie gerne stellen w\u00fcrden und ein Foto des Tieres. Dies ist vollkommen ausreichend, ich stelle Ihnen dann das Gespr\u00e4chsergebnis per eMail zur Verf\u00fcgung.<\/p>\n<p>Bitte beachten Sie meine <a title=\"Preise &amp; AGB\" href=\"http:\/\/xn--bchsler-n2a.de\/?page_id=122\">Preisliste und die g\u00fcltigen AGBs<\/a><\/p>\n","protected":false},"excerpt":{"rendered":"<p>Meine T\u00e4tigkeitsschwerpunkte Tierphysiotherapie | Tierakupunktur | Tierkommunikation |Bachbl\u00fcten-Therapie | Blutegeltherapie | BEMER\u00ae Therapie Meine Leistungen Ich erbringe meine Leistungen mobil, d.h. ich besitze keine Praxisr\u00e4ume, sondern komme direkt zu Ihnen und Ihrem Tier. Ihr Tier hat ein akutes Problem? Schicken &hellip; <a href=\"https:\/\/xn--bchsler-n2a.de\/?page_id=34\">Weiterlesen<\/a><\/p>\n","protected":false},"author":1,"featured_media":0,"parent":0,"menu_order":0,"comment_status":"closed","ping_status":"closed","template":"","meta":{"_crdt_document":"","footnotes":""},"class_list":["post-34","page","type-page","status-publish","hentry"],"_links":{"self":[{"href":"https:\/\/xn--bchsler-n2a.de\/index.php?rest_route=\/wp\/v2\/pages\/34","targetHints":{"allow":["GET"]}}],"collection":[{"href":"https:\/\/xn--bchsler-n2a.de\/index.php?rest_route=\/wp\/v2\/pages"}],"about":[{"href":"https:\/\/xn--bchsler-n2a.de\/index.php?rest_route=\/wp\/v2\/types\/page"}],"author":[{"embeddable":true,"href":"https:\/\/xn--bchsler-n2a.de\/index.php?rest_route=\/wp\/v2\/users\/1"}],"replies":[{"embeddable":true,"href":"https:\/\/xn--bchsler-n2a.de\/index.php?rest_route=%2Fwp%2Fv2%2Fcomments&post=34"}],"version-history":[{"count":21,"href":"https:\/\/xn--bchsler-n2a.de\/index.php?rest_route=\/wp\/v2\/pages\/34\/revisions"}],"predecessor-version":[{"id":601,"href":"https:\/\/xn--bchsler-n2a.de\/index.php?rest_route=\/wp\/v2\/pages\/34\/revisions\/601"}],"wp:attachment":[{"href":"https:\/\/xn--bchsler-n2a.de\/index.php?rest_route=%2Fwp%2Fv2%2Fmedia&parent=34"}],"curies":[{"name":"wp","href":"https:\/\/api.w.org\/{rel}","templated":true}]}}